{"id":96,"date":"2012-12-03T17:33:52","date_gmt":"2012-12-03T16:33:52","guid":{"rendered":"http:\/\/localhost\/wordpress\/?page_id=96"},"modified":"2018-05-24T06:46:15","modified_gmt":"2018-05-24T05:46:15","slug":"impressum","status":"publish","type":"page","link":"http:\/\/wordpress.human-wildlife.info\/?page_id=96","title":{"rendered":"Impressum"},"content":{"rendered":"<article>\n<header>\n<article>\n<header>\n<article>\n<header>\n<article>\n<p align=\"left\"><span style=\"color: #000000;\">Human-Wildlife Info e.V. ist ein beim Amtsgericht B\u00fchl eingetragener Verein<br \/>\nund die gemeinn\u00fctzige T\u00e4tigkeit ist vom Finanzamt anerkannt.<\/span><\/p>\n<p align=\"left\"><span style=\"color: #000000;\">Der Verein ist politisch, religi\u00f6s und wirtschaftlich unabh\u00e4ngig t\u00e4tig.<\/span><\/p>\n<p align=\"left\"><span style=\"color: #000000;\">Grunds\u00e4tzlich arbeiten wir immer gerne mit allen anderen Organisationen und betroffen Menschen auch mit v\u00f6llig unterschiedlichen Einstellungen und Meinungen zusammen. Wir sind f\u00fcr konstruktive Kritiken offen und sind gerne bereit uns in die Sichtweisen und Bed\u00fcrfnisse anderer Interessengruppen einzuarbeiten. Nur dann sind wir in der Lage zu verstehen und alternative L\u00f6sungsans\u00e4tze f\u00fcr Konflikte zu erforschen und vorzuschlagen.<\/span><\/p>\n<p align=\"left\"><strong>Vorstand:<\/strong><\/p>\n<p align=\"left\">1. Vorstandvorsitzender: Peter S\u00fcrth<span style=\"color: #000000;\"><strong><br \/>\n<\/strong><\/span><\/p>\n<\/article>\n<\/header>\n<\/article>\n<\/header>\n<\/article>\n<\/header>\n<header><b>Wichtige Hinweise: <\/b>Mit Urteil vom 12. Mai 1998 hat das Landgericht Hamburg entschieden, dass man durch die Ausbringung eines Links f\u00fcr die Inhalte der gelinkten Seite ggf. mit zu verantworten hat. Dies kann &#8211; so das Landesgericht &#8211; nur dadurch verhindert werden, dass man sich ausdr\u00fccklich von diesen Inhalten distanziert.\u00a0Wir haben auf dieser Homepage Links zu anderen Seiten im Internet gelegt. F\u00fcr all diese Links gilt:\u00a0Wir m\u00f6chten ausdr\u00fccklich betonen, dass\u00a0wir keinerlei Einfluss auf die Gestaltung und die Inhalte der gelinkten Seiten habe. Deshalb distanzieren wir uns hiermit ausdr\u00fccklich von allen Inhalten aller gelinkten Seiten auf dieser Homepage. Diese Erkl\u00e4rung gilt f\u00fcr alle auf\u00a0dieser Homepage ausgebrachten Links und f\u00fcr alle Inhalte der Seiten, zu denen die Banner f\u00fchren.<\/header>\n<\/article>\n","protected":false},"excerpt":{"rendered":"<p>Human-Wildlife Info e.V. ist ein beim Amtsgericht B\u00fchl eingetragener Verein und die gemeinn\u00fctzige T\u00e4tigkeit ist vom Finanzamt anerkannt. Der Verein ist politisch, religi\u00f6s und wirtschaftlich unabh\u00e4ngig t\u00e4tig. Grunds\u00e4tzlich arbeiten wir immer gerne mit allen anderen Organisationen und betroffen Menschen auch mit v\u00f6llig unterschiedlichen Einstellungen und Meinungen zusammen. Wir sind f\u00fcrweiterlesen <a class=\"continue-reading-link\" href=\"http:\/\/wordpress.human-wildlife.info\/?page_id=96\"> Continue reading <span class=\"meta-nav\">&rarr; <\/span><\/a><\/p>\n","protected":false},"author":1,"featured_media":0,"parent":0,"menu_order":0,"comment_status":"closed","ping_status":"closed","template":"","meta":[],"_links":{"self":[{"href":"http:\/\/wordpress.human-wildlife.info\/index.php?rest_route=\/wp\/v2\/pages\/96"}],"collection":[{"href":"http:\/\/wordpress.human-wildlife.info\/index.php?rest_route=\/wp\/v2\/pages"}],"about":[{"href":"http:\/\/wordpress.human-wildlife.info\/index.php?rest_route=\/wp\/v2\/types\/page"}],"author":[{"embeddable":true,"href":"http:\/\/wordpress.human-wildlife.info\/index.php?rest_route=\/wp\/v2\/users\/1"}],"replies":[{"embeddable":true,"href":"http:\/\/wordpress.human-wildlife.info\/index.php?rest_route=%2Fwp%2Fv2%2Fcomments&post=96"}],"version-history":[{"count":7,"href":"http:\/\/wordpress.human-wildlife.info\/index.php?rest_route=\/wp\/v2\/pages\/96\/revisions"}],"predecessor-version":[{"id":1297,"href":"http:\/\/wordpress.human-wildlife.info\/index.php?rest_route=\/wp\/v2\/pages\/96\/revisions\/1297"}],"wp:attachment":[{"href":"http:\/\/wordpress.human-wildlife.info\/index.php?rest_route=%2Fwp%2Fv2%2Fmedia&parent=96"}],"curies":[{"name":"wp","href":"https:\/\/api.w.org\/{rel}","templated":true}]}}