{"id":75,"date":"2012-12-02T21:37:02","date_gmt":"2012-12-02T20:37:02","guid":{"rendered":"http:\/\/localhost\/wordpress\/?page_id=75"},"modified":"2020-09-07T07:08:06","modified_gmt":"2020-09-07T06:08:06","slug":"neue-website-wird-entwickelt","status":"publish","type":"page","link":"http:\/\/wordpress.human-wildlife.info\/","title":{"rendered":"Human-Wildlife Info e.V."},"content":{"rendered":"<p style=\"text-align: left;\"><b>Wir forden ein stete Verbesserung des Miteinander von Mensch und Wildtier. <\/b><b>Es gibt <\/b><b>diverser Konfliktfelder auf beiden Seiten. <\/b><b>Der gemeinsam genutzte Lebensraum muss mit Intelligenz, Kreativit\u00e4t und Respekt f\u00fcr Menschen und Wildtiere gestaltet werden um Konflikte minimieren zu k\u00f6nnen.<\/b><\/p>\n<h4 style=\"text-align: center;\"><a href=\"http:\/\/wordpress.human-wildlife.info\/?p=1014\"><span style=\"color: #3366ff;\"><span style=\"color: #3366ff;\">Aktuell: Bildungsprojekte f\u00fcr Schulen in Baden-W\u00fcrttemberg&#8230;<\/span><\/span><\/a><\/h4>\n<div>\n<h4><span style=\"color: #000000;\"><strong><a href=\"http:\/\/wordpress.human-wildlife.info\/?page_id=43\">Bildung (auch virtuelle Projekte sind m\u00f6glich)<\/a><\/strong><\/span><\/h4>\n<p><a href=\"http:\/\/wordpress.human-wildlife.info\/?page_id=43\"><img loading=\"lazy\" class=\"aligncenter wp-image-1328 size-full\" src=\"http:\/\/wordpress.human-wildlife.info\/wp-content\/uploads\/2019\/08\/DSCN5647.jpg\" alt=\"\" width=\"996\" height=\"291\" srcset=\"http:\/\/wordpress.human-wildlife.info\/wp-content\/uploads\/2019\/08\/DSCN5647.jpg 996w, http:\/\/wordpress.human-wildlife.info\/wp-content\/uploads\/2019\/08\/DSCN5647-300x88.jpg 300w, http:\/\/wordpress.human-wildlife.info\/wp-content\/uploads\/2019\/08\/DSCN5647-768x224.jpg 768w, http:\/\/wordpress.human-wildlife.info\/wp-content\/uploads\/2019\/08\/DSCN5647-150x44.jpg 150w, http:\/\/wordpress.human-wildlife.info\/wp-content\/uploads\/2019\/08\/DSCN5647-250x73.jpg 250w\" sizes=\"(max-width: 996px) 100vw, 996px\" \/><\/a><\/p>\n<\/div>\n<h4><a href=\"http:\/\/wordpress.human-wildlife.info\/?page_id=1395\"><b>Wildtiere<\/b><\/a><\/h4>\n<p><a href=\"http:\/\/wordpress.human-wildlife.info\/wp-content\/uploads\/2013\/10\/IMG_4331-Reh.jpg\"><img loading=\"lazy\" class=\"alignnone size-full wp-image-687\" src=\"http:\/\/wordpress.human-wildlife.info\/wp-content\/uploads\/2013\/10\/IMG_4331-Reh.jpg\" alt=\"\" width=\"970\" height=\"250\" srcset=\"http:\/\/wordpress.human-wildlife.info\/wp-content\/uploads\/2013\/10\/IMG_4331-Reh.jpg 970w, http:\/\/wordpress.human-wildlife.info\/wp-content\/uploads\/2013\/10\/IMG_4331-Reh-300x77.jpg 300w, http:\/\/wordpress.human-wildlife.info\/wp-content\/uploads\/2013\/10\/IMG_4331-Reh-250x64.jpg 250w, http:\/\/wordpress.human-wildlife.info\/wp-content\/uploads\/2013\/10\/IMG_4331-Reh-150x38.jpg 150w\" sizes=\"(max-width: 970px) 100vw, 970px\" \/><\/a><\/p>\n<h4><a href=\"http:\/\/wordpress.human-wildlife.info\/?page_id=1401\"><b>Beispiele f\u00fcr Konflikte f<\/b><b>\u00fcr Mensch und Tier<\/b><\/a><\/h4>\n<p><a href=\"http:\/\/wordpress.human-wildlife.info\/?page_id=1401\"><img loading=\"lazy\" class=\"alignnone size-full wp-image-1340\" src=\"http:\/\/wordpress.human-wildlife.info\/wp-content\/uploads\/2019\/08\/Konflikte.jpg\" alt=\"\" width=\"1000\" height=\"172\" srcset=\"http:\/\/wordpress.human-wildlife.info\/wp-content\/uploads\/2019\/08\/Konflikte.jpg 1000w, http:\/\/wordpress.human-wildlife.info\/wp-content\/uploads\/2019\/08\/Konflikte-300x52.jpg 300w, http:\/\/wordpress.human-wildlife.info\/wp-content\/uploads\/2019\/08\/Konflikte-768x132.jpg 768w, http:\/\/wordpress.human-wildlife.info\/wp-content\/uploads\/2019\/08\/Konflikte-150x26.jpg 150w, http:\/\/wordpress.human-wildlife.info\/wp-content\/uploads\/2019\/08\/Konflikte-250x43.jpg 250w\" sizes=\"(max-width: 1000px) 100vw, 1000px\" \/><\/a><\/p>\n<ul>\n<li><strong>so gibt es eine Vielzahl an weiteren Problemen mit denen man B\u00fccher f\u00fcllen kann.<\/strong><\/li>\n<li><strong>Grundsatz: Es gibt nur einen gemeinsamen Lebensraum f\u00fcr Mensch und Wildtier!<\/strong><\/li>\n<\/ul>\n<h4><strong><span style=\"color: #000000;\"><a href=\"http:\/\/wordpress.human-wildlife.info\/?page_id=1405\">L\u00f6sungen! dazu bedarf es folgender Attribute<\/a><\/span><\/strong><\/h4>\n<h3 style=\"text-align: center;\"><span style=\"color: #000000;\"><span style=\"color: #ff0000;\">Gehirn\u00a0<\/span> \u00a0\u00a0 <span style=\"color: #008000;\">Wissen<\/span> \u00a0\u00a0 <span style=\"color: #ff6600;\">Kreativit\u00e4t<\/span> \u00a0\u00a0 <span style=\"color: #0000ff;\">Respekt<\/span><\/span><\/h3>\n<ul>\n<li><strong>Noch ein Grundsatz: Wildtiermanagement ist nicht gleich Jagd!\u00a0 Mensch-Wildtier-Management ist prim\u00e4r die Konfliktminimierung durch eine intelliegente Gestaltung des gemeinsamen Lebensraums. Die Priorit\u00e4tenliste der eingesetzen &#8222;Werkzeuge&#8220; muss jeweils gut \u00fcberlegt und abgestimmt werden.<br \/>\n<\/strong><\/li>\n<\/ul>\n<h3><strong>Einleitung:<\/strong><\/h3>\n<p>Wo Menschen und Wildtiere einen gemeinsamen Lebensraum nutzten gibt es auch Konflikte f\u00fcr Mensch und Wildtier. Die Ursachen sind oft sehr unterschiedlicher Natur. Die Konflikte k\u00f6nnen entsprechend unterschiedlich sein vom einfachen \u00c4rgernis, \u00fcber materielle Sch\u00e4den, Nahrungskonkurrenz, Konkurrenz um den Lebensraum, definierte und weniger definierte \u00c4ngste vor einem Wildtier, bis hin zu t\u00f6dlichen Auswirkungen sowohl f\u00fcr das Wildtier\u00a0 als auch f\u00fcr den Menschen.<\/p>\n<p>Wie schwerwiegend solche Situationen tats\u00e4chlich als Konflikt betrachtet werden ist sowohl von der individuellen Einstellung des betroffenen Menschen, von der philosophisch-ethischen Einstellung der Gesellschaft gegen\u00fcber Wildtieren und sehr oft von den sozial-\u00f6konomischen Konsequenzen abh\u00e4ngig. Manchmal sind es fehlende Informationen und Erfahrungen um Mensch-Wildtier-Konflikte zu l\u00f6sen, und manchmal sind es Konflikte die man nur sehr schwierig und mit hohem finanziellen Aufwand eingrenzen kann. Die Wildtiere selber versuchen nicht mehr als zu \u00fcberleben und sich den Bedingungen in ihren Lebensr\u00e4umen anzupassen. Jede Art hat eigene und spezifische Anspr\u00fcche und ist unterschiedlich flexibel. Wir Menschen hingegen penetrieren nahezu alle Lebensr\u00e4ume permanent auf h\u00f6chst unterschiedliche Art und Weise. Da wir in Europa weitestgehend in einer von uns geschaffenen Kulturlandschaft leben, sind auch wir Menschen am Ende zum gr\u00f6\u00dften Anteil f\u00fcr viele der Konflikte zwischen Mensch und Wildtier selber verantwortlich. Demzufolge sollte es unsere Aufgabe sein permanent nach L\u00f6sungen zu suchen um das Miteinander von Mensch mit Wildtier zu Gunsten von beiden Seiten besser zu gestalten. Weil Menschen und Wildtiere einen gemeinsamen Lebensr\u00e4ume nutzen sind Gedanken und Konzepte mit einem integrativen Ansatz von entscheidender Relevanz.<\/p>\n<p>F\u00fcr viele Konflikte gibt es unterschiedliche L\u00f6sungen. F\u00fcr andere Konflikte gibt es keine oder nur wenig effektive L\u00f6sungen. Diese sollen analysiert werden und nach neue kreativen L\u00f6sungen gesucht werden. Alles soll der \u00d6ffentlichkeit zug\u00e4nglich gemacht werden mit Hilfe aller m\u00f6glichen Informations- und Pr\u00e4sentationsformen.<\/p>\n<p style=\"text-align: center;\"><a href=\"http:\/\/wordpress.human-wildlife.info\/wp-content\/uploads\/2013\/10\/IMG_3097-Wolfspinne.jpg\"><img loading=\"lazy\" class=\" wp-image-682 aligncenter\" src=\"http:\/\/wordpress.human-wildlife.info\/wp-content\/uploads\/2013\/10\/IMG_3097-Wolfspinne.jpg\" alt=\"IMG_3097 Wolfspinne\" width=\"970\" height=\"250\" srcset=\"http:\/\/wordpress.human-wildlife.info\/wp-content\/uploads\/2013\/10\/IMG_3097-Wolfspinne.jpg 970w, http:\/\/wordpress.human-wildlife.info\/wp-content\/uploads\/2013\/10\/IMG_3097-Wolfspinne-300x77.jpg 300w, http:\/\/wordpress.human-wildlife.info\/wp-content\/uploads\/2013\/10\/IMG_3097-Wolfspinne-250x64.jpg 250w, http:\/\/wordpress.human-wildlife.info\/wp-content\/uploads\/2013\/10\/IMG_3097-Wolfspinne-150x38.jpg 150w\" sizes=\"(max-width: 970px) 100vw, 970px\" \/><\/a><\/p>\n","protected":false},"excerpt":{"rendered":"<p>Wir forden ein stete Verbesserung des Miteinander von Mensch und Wildtier. Es gibt diverser Konfliktfelder auf beiden Seiten. Der gemeinsam genutzte Lebensraum muss mit Intelligenz, Kreativit\u00e4t und Respekt f\u00fcr Menschen und Wildtiere gestaltet werden um Konflikte minimieren zu k\u00f6nnen. Aktuell: Bildungsprojekte f\u00fcr Schulen in Baden-W\u00fcrttemberg&#8230; Bildung (auch virtuelle Projekte sindweiterlesen <a class=\"continue-reading-link\" href=\"http:\/\/wordpress.human-wildlife.info\/\"> Continue reading <span class=\"meta-nav\">&rarr; <\/span><\/a><\/p>\n","protected":false},"author":1,"featured_media":0,"parent":0,"menu_order":0,"comment_status":"closed","ping_status":"closed","template":"","meta":[],"_links":{"self":[{"href":"http:\/\/wordpress.human-wildlife.info\/index.php?rest_route=\/wp\/v2\/pages\/75"}],"collection":[{"href":"http:\/\/wordpress.human-wildlife.info\/index.php?rest_route=\/wp\/v2\/pages"}],"about":[{"href":"http:\/\/wordpress.human-wildlife.info\/index.php?rest_route=\/wp\/v2\/types\/page"}],"author":[{"embeddable":true,"href":"http:\/\/wordpress.human-wildlife.info\/index.php?rest_route=\/wp\/v2\/users\/1"}],"replies":[{"embeddable":true,"href":"http:\/\/wordpress.human-wildlife.info\/index.php?rest_route=%2Fwp%2Fv2%2Fcomments&post=75"}],"version-history":[{"count":104,"href":"http:\/\/wordpress.human-wildlife.info\/index.php?rest_route=\/wp\/v2\/pages\/75\/revisions"}],"predecessor-version":[{"id":1490,"href":"http:\/\/wordpress.human-wildlife.info\/index.php?rest_route=\/wp\/v2\/pages\/75\/revisions\/1490"}],"wp:attachment":[{"href":"http:\/\/wordpress.human-wildlife.info\/index.php?rest_route=%2Fwp%2Fv2%2Fmedia&parent=75"}],"curies":[{"name":"wp","href":"https:\/\/api.w.org\/{rel}","templated":true}]}}