{"id":43,"date":"2012-12-02T18:58:38","date_gmt":"2012-12-02T17:58:38","guid":{"rendered":"http:\/\/localhost\/wordpress\/?page_id=43"},"modified":"2020-09-07T07:05:59","modified_gmt":"2020-09-07T06:05:59","slug":"bildung","status":"publish","type":"page","link":"http:\/\/wordpress.human-wildlife.info\/?page_id=43","title":{"rendered":"Bildung"},"content":{"rendered":"<h2 style=\"text-align: center;\"><span style=\"color: #ff6600;\">Wer nichts lernt, tut sich schwer Neues zu entdecken.<\/span><\/h2>\n<p align=\"left\"><span style=\"color: #000000;\">Die Informations- und Bildungsarbeit auf allen Ebenen ist eines der wichtigsten Werkzeuge im modernen Management der Mensch-Wildtierbeziehung. <\/span>Wir suchen Finanzmittel um Projekte an Schulen, Kinderg\u00e4rten und andere Bildungseinrichtungen zum Thema Wolf, Luchs, Braunb\u00e4r und Wildtiermanagement unterst\u00fctzen zu k\u00f6nnen.<\/p>\n<h4 align=\"left\">Aktivit\u00e4ten und Schwerpunkte zum Thema Bildung<\/h4>\n<ul>\n<li>informative Homepage<\/li>\n<li>Schulprojekte<\/li>\n<li>Fortbildungen f\u00fcr Lehrer, Erzieher, Umweltp\u00e4dagogen&#8230;.<\/li>\n<li>Pr\u00e4sentationen<\/li>\n<li>Infostand f\u00fcr verschiedene Veranstaltungen<\/li>\n<li>zuk\u00fcnftig auch Ausstellungen<\/li>\n<\/ul>\n<h2 align=\"left\"><strong>F\u00fcr Schulen: Thema Luchs und Wolf<br \/>\n<\/strong><\/h2>\n<p>Jedes Jahr unterst\u00fctzen wir Schulprojekte zum Thema Luchs und Wolf. Schwerpunktregion ist S\u00fcddeutschland, insbesondere die Schwarzwaldregion. Dar\u00fcber hinaus auch Bildungsprojekte in ganz Baden-W\u00fcrttemberg und in Bayern. Seit Vereinsgr\u00fcndung konnten \u00fcber 200 Schulprojekte zum Thema Luchs und Wolf finanziell unterst\u00fctzt werden. An den Projekten habe bisher \u00fcber 15000 Sch\u00fclerinnen und Sch\u00fcler teilgenommen. Jedes Jahr versuchen wir 30-50 weitere Schulprojekte finanziell zu unterst\u00fctzen.<\/p>\n<p><strong>2020\/21 Schwarzwald<\/strong>: Im aktuellen F\u00f6rdrjahr im Naturpark S\u00fcdschwarzwald und im Naturpark Schwarzwald Mitte\/Nord k\u00f6nnen wieder 30 Schultage zum Thema Luchs und Wolf angeboten werden. F\u00fcr Schulen die sich innerhalb der Naturparkf\u00f6rderkulissen befinden ist das Angebot kostenfrei. Schulen und Kinderg\u00e4rten k\u00f6nnen sich direkt an den Verein wenden um weitere Informationen zu bekommen. Diese Schulbesuche werden finanziert \u00fcber die Naturparkf\u00f6rderungen, der Luchsinitiaitve Baden-W\u00fcrttemberg, dem WWF Deutschland und unserem Verein.<\/p>\n<h2 align=\"left\"><a href=\"http:\/\/wordpress.human-wildlife.info\/?p=1122\">Schulbesuche: Thema Wolf und Luchs &#8230;.<\/a><\/h2>\n<p align=\"left\">\n","protected":false},"excerpt":{"rendered":"<p>Wer nichts lernt, tut sich schwer Neues zu entdecken. Die Informations- und Bildungsarbeit auf allen Ebenen ist eines der wichtigsten Werkzeuge im modernen Management der Mensch-Wildtierbeziehung. Wir suchen Finanzmittel um Projekte an Schulen, Kinderg\u00e4rten und andere Bildungseinrichtungen zum Thema Wolf, Luchs, Braunb\u00e4r und Wildtiermanagement unterst\u00fctzen zu k\u00f6nnen. Aktivit\u00e4ten und Schwerpunkteweiterlesen <a class=\"continue-reading-link\" href=\"http:\/\/wordpress.human-wildlife.info\/?page_id=43\"> Continue reading <span class=\"meta-nav\">&rarr; <\/span><\/a><\/p>\n","protected":false},"author":1,"featured_media":0,"parent":0,"menu_order":0,"comment_status":"closed","ping_status":"closed","template":"","meta":[],"_links":{"self":[{"href":"http:\/\/wordpress.human-wildlife.info\/index.php?rest_route=\/wp\/v2\/pages\/43"}],"collection":[{"href":"http:\/\/wordpress.human-wildlife.info\/index.php?rest_route=\/wp\/v2\/pages"}],"about":[{"href":"http:\/\/wordpress.human-wildlife.info\/index.php?rest_route=\/wp\/v2\/types\/page"}],"author":[{"embeddable":true,"href":"http:\/\/wordpress.human-wildlife.info\/index.php?rest_route=\/wp\/v2\/users\/1"}],"replies":[{"embeddable":true,"href":"http:\/\/wordpress.human-wildlife.info\/index.php?rest_route=%2Fwp%2Fv2%2Fcomments&post=43"}],"version-history":[{"count":26,"href":"http:\/\/wordpress.human-wildlife.info\/index.php?rest_route=\/wp\/v2\/pages\/43\/revisions"}],"predecessor-version":[{"id":1489,"href":"http:\/\/wordpress.human-wildlife.info\/index.php?rest_route=\/wp\/v2\/pages\/43\/revisions\/1489"}],"wp:attachment":[{"href":"http:\/\/wordpress.human-wildlife.info\/index.php?rest_route=%2Fwp%2Fv2%2Fmedia&parent=43"}],"curies":[{"name":"wp","href":"https:\/\/api.w.org\/{rel}","templated":true}]}}