{"id":37,"date":"2012-12-02T19:04:44","date_gmt":"2012-12-02T18:04:44","guid":{"rendered":"http:\/\/localhost\/wordpress\/?page_id=37"},"modified":"2019-08-27T10:52:05","modified_gmt":"2019-08-27T09:52:05","slug":"bibliothek","status":"publish","type":"page","link":"http:\/\/wordpress.human-wildlife.info\/?page_id=37","title":{"rendered":"Bibliothek"},"content":{"rendered":"<article id=\"post-99\">\n<header>\n<h4 id=\"post-100\"><a href=\"http:\/\/wordpress.human-wildlife.info\/?page_id=1366\">Literatur downloads<\/a><\/h4>\n<\/header>\n<\/article>\n<p align=\"left\">Als Beispiel haben wir hier einige Aspekte zum Wolf aufgef\u00fchrt, die noch umfassender sp\u00e4ter im Human-Wildlife Info Portal dargestellt werden. F\u00fcr die Entwicklung und st\u00e4ndigen Pflege des Portals ben\u00f6tigen wir entprechende Gelder und F\u00f6rdermittel.<\/p>\n<p align=\"center\"><a title=\"Wolves\" href=\"http:\/\/wordpress.human-wildlife.info\/?page_id=115\"><span style=\"font-size: x-large;\"><b>Die Mensch-Wolfbeziehung <\/b><\/span><\/a><\/p>\n<p align=\"center\"><b>(ein Beispiel f\u00fcr das geplante Informationsportal)<\/b><\/p>\n<p align=\"center\"><a href=\"http:\/\/wordpress.human-wildlife.info\/wp-content\/uploads\/2013\/10\/Wolf.jpg\"><img loading=\"lazy\" class=\"alignnone size-full wp-image-675\" src=\"http:\/\/wordpress.human-wildlife.info\/wp-content\/uploads\/2013\/10\/Wolf.jpg\" alt=\"Wolf\" width=\"1154\" height=\"580\" srcset=\"http:\/\/wordpress.human-wildlife.info\/wp-content\/uploads\/2013\/10\/Wolf.jpg 1154w, http:\/\/wordpress.human-wildlife.info\/wp-content\/uploads\/2013\/10\/Wolf-300x150.jpg 300w, http:\/\/wordpress.human-wildlife.info\/wp-content\/uploads\/2013\/10\/Wolf-1024x514.jpg 1024w, http:\/\/wordpress.human-wildlife.info\/wp-content\/uploads\/2013\/10\/Wolf-250x125.jpg 250w, http:\/\/wordpress.human-wildlife.info\/wp-content\/uploads\/2013\/10\/Wolf-150x75.jpg 150w\" sizes=\"(max-width: 1154px) 100vw, 1154px\" \/><\/a><\/p>\n","protected":false},"excerpt":{"rendered":"<p>Literatur downloads Als Beispiel haben wir hier einige Aspekte zum Wolf aufgef\u00fchrt, die noch umfassender sp\u00e4ter im Human-Wildlife Info Portal dargestellt werden. F\u00fcr die Entwicklung und st\u00e4ndigen Pflege des Portals ben\u00f6tigen wir entprechende Gelder und F\u00f6rdermittel. Die Mensch-Wolfbeziehung (ein Beispiel f\u00fcr das geplante Informationsportal)<\/p>\n","protected":false},"author":1,"featured_media":0,"parent":0,"menu_order":0,"comment_status":"closed","ping_status":"closed","template":"","meta":[],"_links":{"self":[{"href":"http:\/\/wordpress.human-wildlife.info\/index.php?rest_route=\/wp\/v2\/pages\/37"}],"collection":[{"href":"http:\/\/wordpress.human-wildlife.info\/index.php?rest_route=\/wp\/v2\/pages"}],"about":[{"href":"http:\/\/wordpress.human-wildlife.info\/index.php?rest_route=\/wp\/v2\/types\/page"}],"author":[{"embeddable":true,"href":"http:\/\/wordpress.human-wildlife.info\/index.php?rest_route=\/wp\/v2\/users\/1"}],"replies":[{"embeddable":true,"href":"http:\/\/wordpress.human-wildlife.info\/index.php?rest_route=%2Fwp%2Fv2%2Fcomments&post=37"}],"version-history":[{"count":4,"href":"http:\/\/wordpress.human-wildlife.info\/index.php?rest_route=\/wp\/v2\/pages\/37\/revisions"}],"predecessor-version":[{"id":1389,"href":"http:\/\/wordpress.human-wildlife.info\/index.php?rest_route=\/wp\/v2\/pages\/37\/revisions\/1389"}],"wp:attachment":[{"href":"http:\/\/wordpress.human-wildlife.info\/index.php?rest_route=%2Fwp%2Fv2%2Fmedia&parent=37"}],"curies":[{"name":"wp","href":"https:\/\/api.w.org\/{rel}","templated":true}]}}