{"id":251,"date":"2013-09-28T11:28:42","date_gmt":"2013-09-28T10:28:42","guid":{"rendered":"http:\/\/localhost\/wordpress\/?page_id=251"},"modified":"2019-08-28T10:59:04","modified_gmt":"2019-08-28T09:59:04","slug":"maps-canis-lupus","status":"publish","type":"page","link":"http:\/\/wordpress.human-wildlife.info\/?page_id=251","title":{"rendered":"Maps Canis Lupus"},"content":{"rendered":"<article id=\"post-99\">\n<header>\n<article id=\"post-100\"><span style=\"color: #000000; font-size: xx-large;\">W\u00f6lfe (Canis Lupus)<\/span><\/article>\n<\/header>\n<\/article>\n<article id=\"post-99\">\n<header>\n<article id=\"post-100\">\n<p align=\"center\"><b><span style=\"color: #000000; font-size: x-large;\">Verbreitungskarten<\/span><\/b><\/p>\n<p style=\"text-align: left;\" align=\"center\">Diese Karte ist nat\u00fcrlich nie ganz aktuell. Die roten Kreise haben einen Radius von etwa 500km. Das sind Wanderdistanzen der Jungw\u00f6lfe die regelm\u00e4\u00dfig nachgewiesen werden k\u00f6nnen. Distanzen \u00fcber 1000km sind ebenfalls m\u00f6glich. Die Wolfsr\u00fcden sind vermutlich etwas schneller und weitl\u00e4ufiger unterwegs als die jungen W\u00f6lfinnen. Sie sind auf der Suche nach einem Partner und einem neuen Lebensraum f\u00fcr ein zuk\u00fcnftiges Revier. An jeder Stelle in Deutschland kann jederzeit ein Wolf auftauchen und Wolfsp\u00e4rchen k\u00f6nnen sich jederzeit finden und etablieren. Dabei k\u00f6nnen die W\u00f6lfe theoretisch aus 4 verschiedenen Quellpopulationen kommen.<\/p>\n<p style=\"text-align: left;\" align=\"center\">Derzeit haben wir wieder etwa 75-90 Wolfsrudel insbesondere Nord- und Ostdeutschland und etwa 90-110 Wolfsrudel in den Alpen. Die deutschen Mittelgebirgsregionen bis zu den bayerischen Alpen liegen dazwischen. Es h\u00f6chst logisch, wenn wir jetzt feststellen werden, dass in den n\u00e4chsten Jahren diese Mittelgebirgsregionen von W\u00f6lfen wieder besiedelt werden und die \u00f6sterreichischen Alpen.<\/p>\n<p align=\"center\"><a href=\"http:\/\/wordpress.human-wildlife.info\/wp-content\/uploads\/2019\/08\/Wolf-aktuelle-Ausbreitung.jpg\"><img loading=\"lazy\" class=\"alignnone size-large wp-image-1439\" src=\"http:\/\/wordpress.human-wildlife.info\/wp-content\/uploads\/2019\/08\/Wolf-aktuelle-Ausbreitung-1024x758.jpg\" alt=\"\" width=\"800\" height=\"592\" srcset=\"http:\/\/wordpress.human-wildlife.info\/wp-content\/uploads\/2019\/08\/Wolf-aktuelle-Ausbreitung-1024x758.jpg 1024w, http:\/\/wordpress.human-wildlife.info\/wp-content\/uploads\/2019\/08\/Wolf-aktuelle-Ausbreitung-300x222.jpg 300w, http:\/\/wordpress.human-wildlife.info\/wp-content\/uploads\/2019\/08\/Wolf-aktuelle-Ausbreitung-768x569.jpg 768w, http:\/\/wordpress.human-wildlife.info\/wp-content\/uploads\/2019\/08\/Wolf-aktuelle-Ausbreitung-150x111.jpg 150w, http:\/\/wordpress.human-wildlife.info\/wp-content\/uploads\/2019\/08\/Wolf-aktuelle-Ausbreitung-203x150.jpg 203w\" sizes=\"(max-width: 800px) 100vw, 800px\" \/><\/a><\/p>\n<p align=\"center\"><a href=\"http:\/\/wordpress.human-wildlife.info\/wp-content\/uploads\/2013\/09\/Europa-Ausbreitung-Wolf-1970-600pix.jpg\"><img loading=\"lazy\" class=\"alignnone size-full wp-image-732\" src=\"http:\/\/wordpress.human-wildlife.info\/wp-content\/uploads\/2013\/09\/Europa-Ausbreitung-Wolf-1970-600pix.jpg\" alt=\"Europa Ausbreitung Wolf 1970 600pix\" width=\"600\" height=\"425\" srcset=\"http:\/\/wordpress.human-wildlife.info\/wp-content\/uploads\/2013\/09\/Europa-Ausbreitung-Wolf-1970-600pix.jpg 600w, http:\/\/wordpress.human-wildlife.info\/wp-content\/uploads\/2013\/09\/Europa-Ausbreitung-Wolf-1970-600pix-300x212.jpg 300w, http:\/\/wordpress.human-wildlife.info\/wp-content\/uploads\/2013\/09\/Europa-Ausbreitung-Wolf-1970-600pix-211x150.jpg 211w, http:\/\/wordpress.human-wildlife.info\/wp-content\/uploads\/2013\/09\/Europa-Ausbreitung-Wolf-1970-600pix-150x106.jpg 150w\" sizes=\"(max-width: 600px) 100vw, 600px\" \/><\/a><\/p>\n<article id=\"post-99\">\n<header>\n<article id=\"post-100\"><span style=\"color: #000000; font-size: small;\"><i>Die Verbreitungskarte von ~1970 soll hier nur zum Vergleich dienen. Sie ist nicht ganz korrekt, weil zum einen die Datenerfassung und Dokumentation damals ungenauer war. Das gilt insbesondere f\u00fcr die Russland, die baltischen Staaten, Ukraine, Rum\u00e4nien, und dem Balkan. Zum Teil wurde die Population basierend auf schriftlichen Beschreibungen um 1970 herum auf der Karte eingezeichnet. Um 1970 herum hat man begonnen W\u00f6lfe unter Schutz zustellen, und in vielen L\u00e4ndern wurde die permanente Verfolgung mit schu\u00dfwaffen, mit Gift, allen m\u00f6glichen Fallen und Pr\u00e4mien f\u00fcr tote W\u00f6lfe nach und nach eingestellt. <\/i><\/span><\/article>\n<\/header>\n<\/article>\n<p align=\"center\">\n<\/article>\n<\/header>\n<\/article>\n","protected":false},"excerpt":{"rendered":"<p>W\u00f6lfe (Canis Lupus) Verbreitungskarten Diese Karte ist nat\u00fcrlich nie ganz aktuell. Die roten Kreise haben einen Radius von etwa 500km. Das sind Wanderdistanzen der Jungw\u00f6lfe die regelm\u00e4\u00dfig nachgewiesen werden k\u00f6nnen. Distanzen \u00fcber 1000km sind ebenfalls m\u00f6glich. Die Wolfsr\u00fcden sind vermutlich etwas schneller und weitl\u00e4ufiger unterwegs als die jungen W\u00f6lfinnen. Sieweiterlesen <a class=\"continue-reading-link\" href=\"http:\/\/wordpress.human-wildlife.info\/?page_id=251\"> Continue reading <span class=\"meta-nav\">&rarr; <\/span><\/a><\/p>\n","protected":false},"author":1,"featured_media":0,"parent":115,"menu_order":0,"comment_status":"closed","ping_status":"closed","template":"","meta":[],"_links":{"self":[{"href":"http:\/\/wordpress.human-wildlife.info\/index.php?rest_route=\/wp\/v2\/pages\/251"}],"collection":[{"href":"http:\/\/wordpress.human-wildlife.info\/index.php?rest_route=\/wp\/v2\/pages"}],"about":[{"href":"http:\/\/wordpress.human-wildlife.info\/index.php?rest_route=\/wp\/v2\/types\/page"}],"author":[{"embeddable":true,"href":"http:\/\/wordpress.human-wildlife.info\/index.php?rest_route=\/wp\/v2\/users\/1"}],"replies":[{"embeddable":true,"href":"http:\/\/wordpress.human-wildlife.info\/index.php?rest_route=%2Fwp%2Fv2%2Fcomments&post=251"}],"version-history":[{"count":6,"href":"http:\/\/wordpress.human-wildlife.info\/index.php?rest_route=\/wp\/v2\/pages\/251\/revisions"}],"predecessor-version":[{"id":1444,"href":"http:\/\/wordpress.human-wildlife.info\/index.php?rest_route=\/wp\/v2\/pages\/251\/revisions\/1444"}],"up":[{"embeddable":true,"href":"http:\/\/wordpress.human-wildlife.info\/index.php?rest_route=\/wp\/v2\/pages\/115"}],"wp:attachment":[{"href":"http:\/\/wordpress.human-wildlife.info\/index.php?rest_route=%2Fwp%2Fv2%2Fmedia&parent=251"}],"curies":[{"name":"wp","href":"https:\/\/api.w.org\/{rel}","templated":true}]}}