{"id":240,"date":"2013-09-27T22:03:07","date_gmt":"2013-09-27T21:03:07","guid":{"rendered":"http:\/\/localhost\/wordpress\/?page_id=240"},"modified":"2019-08-27T09:32:19","modified_gmt":"2019-08-27T08:32:19","slug":"human-wildlife-infoportal","status":"publish","type":"page","link":"http:\/\/wordpress.human-wildlife.info\/?page_id=240","title":{"rendered":"Human-Wildlife Infoportal"},"content":{"rendered":"<p>\u00a0<\/p>\n<article id=\"post-99\"><header>\n<article id=\"post-100\">\n<p align=\"center\"><b><span style=\"font-size: xx-large;\">Projekt: Human-Wildlife Infoportal<\/span><\/b><\/p>\n<p>Das vom Verein geplante &#8222;Online Informationsportal&#8220; soll die verschiedenen Mensch-Wildtierkonflikte und L\u00f6sungsm\u00f6glichkeiten beschreiben.<\/p>\n<p>Dieses Onlineportal soll in mindestens zwei Sprachen zur Verf\u00fcgung stehen und permanent erweitert und aktualisiert werden.<\/p>\n<p>Wo Menschen und Wildtiere den Lebensraum gemeinsam nutzen gibt es immer auch Konflikte sowohl f\u00fcr die Menschen als auch f\u00fcr die Wildtiere. Es gibt f\u00fcr viele Konflikte schon L\u00f6sungen, oft sind diese aber nicht bekannt oder funktionieren nur eingeschr\u00e4nkt. Die meisten Probleml\u00f6sungsans\u00e4tze konzentrieren sich auf das Wildtier oder auf das Problem selbst ohne die eigentlichen Ursachen ausreichend zu ber\u00fccksichtigen. Das f\u00fchrt entweder nur zu einem kurzfristigen Erfolg, das Wildtier wird get\u00f6tet, oder es bleibt bei einem permanenten Konflikt.<\/p>\n<p>Das Wissen, welches durch viele Versuche in einer lokalen Situation erworben wurde, wird oftmals gar nicht oder nur ungen\u00fcgend weitervermittelt. Hier soll das Portal helfen als kommunikative Informationsplattform.<\/p>\n<p>Der Verein besch\u00e4ftigt sich mit diesen Konflikte. Regional und international vorhandene L\u00f6sungsans\u00e4tze k\u00f6nnen zusammentragen und auf diesem Portal kostenlos ver\u00f6ffentlicht werden. <\/p>\n<\/article>\n<\/header><\/article>\n\n\n<p><\/p>\n","protected":false},"excerpt":{"rendered":"<p>\u00a0 Projekt: Human-Wildlife Infoportal Das vom Verein geplante &#8222;Online Informationsportal&#8220; soll die verschiedenen Mensch-Wildtierkonflikte und L\u00f6sungsm\u00f6glichkeiten beschreiben. Dieses Onlineportal soll in mindestens zwei Sprachen zur Verf\u00fcgung stehen und permanent erweitert und aktualisiert werden. Wo Menschen und Wildtiere den Lebensraum gemeinsam nutzen gibt es immer auch Konflikte sowohl f\u00fcr die Menschenweiterlesen <a class=\"continue-reading-link\" href=\"http:\/\/wordpress.human-wildlife.info\/?page_id=240\"> Continue reading <span class=\"meta-nav\">&rarr; <\/span><\/a><\/p>\n","protected":false},"author":1,"featured_media":0,"parent":52,"menu_order":0,"comment_status":"closed","ping_status":"closed","template":"","meta":[],"_links":{"self":[{"href":"http:\/\/wordpress.human-wildlife.info\/index.php?rest_route=\/wp\/v2\/pages\/240"}],"collection":[{"href":"http:\/\/wordpress.human-wildlife.info\/index.php?rest_route=\/wp\/v2\/pages"}],"about":[{"href":"http:\/\/wordpress.human-wildlife.info\/index.php?rest_route=\/wp\/v2\/types\/page"}],"author":[{"embeddable":true,"href":"http:\/\/wordpress.human-wildlife.info\/index.php?rest_route=\/wp\/v2\/users\/1"}],"replies":[{"embeddable":true,"href":"http:\/\/wordpress.human-wildlife.info\/index.php?rest_route=%2Fwp%2Fv2%2Fcomments&post=240"}],"version-history":[{"count":1,"href":"http:\/\/wordpress.human-wildlife.info\/index.php?rest_route=\/wp\/v2\/pages\/240\/revisions"}],"predecessor-version":[{"id":1361,"href":"http:\/\/wordpress.human-wildlife.info\/index.php?rest_route=\/wp\/v2\/pages\/240\/revisions\/1361"}],"up":[{"embeddable":true,"href":"http:\/\/wordpress.human-wildlife.info\/index.php?rest_route=\/wp\/v2\/pages\/52"}],"wp:attachment":[{"href":"http:\/\/wordpress.human-wildlife.info\/index.php?rest_route=%2Fwp%2Fv2%2Fmedia&parent=240"}],"curies":[{"name":"wp","href":"https:\/\/api.w.org\/{rel}","templated":true}]}}