{"id":237,"date":"2013-09-27T21:59:01","date_gmt":"2013-09-27T20:59:01","guid":{"rendered":"http:\/\/localhost\/wordpress\/?page_id=237"},"modified":"2019-08-27T09:29:47","modified_gmt":"2019-08-27T08:29:47","slug":"human-wildlife-infozentrum","status":"publish","type":"page","link":"http:\/\/wordpress.human-wildlife.info\/?page_id=237","title":{"rendered":"Human-Wildlife Infozentrum"},"content":{"rendered":"<article id=\"post-99\">\n<header>\n<article id=\"post-100\"><span style=\"font-size: xx-large;\">Vision: Human-Wildlife Infozentrum<\/span><\/article>\n<p>Das Human-Wildlife Infozentrum ist eine Vision an der wir langfristig arbeiten. Ein Zentrum mit Ausstellungen, B\u00fcros und Infrastrukturen die wir ben\u00f6tigen werden um den selbst gestellten Aufgaben umfangreich gerecht werden zu k\u00f6nnen.<\/p>\n<p>Zum einen soll uns das Zentrum die R\u00e4umlichkeiten f\u00fcr die B\u00fcros, Werkst\u00e4tten und Lagerm\u00f6glichkeiten geben. Zum zweiten soll das Zentrum als lokale, regionale und internationale Informations- und Bildungszentrale f\u00fcr alle Fragen rund um modernes Mensch-Wildtier-Management entwickelt werden. Dazu werden entsprechende R\u00e4umlichkeiten f\u00fcr Seminare, Ausstellungen und Pr\u00e4sentationen, interaktive Bildungsaktivit\u00e4ten f\u00fcr Schulen und multifunktionelle indoor und outdoor Aktivit\u00e4ten ben\u00f6tigt.<\/p>\n<p>Bestimmte Mensch-Wildtierkonflikte ben\u00f6tigen einen eigenen Pr\u00e4sentationsbereich, der stets weiterentwickelt und modernisiert werden kann.<\/p>\n<p>Vom Zentrum aus sollen diverse interaktive mobile Ausstellungen geplant, gestaltet und organisiert werden f\u00fcr unterschiedlichste Standorte.<\/p>\n<p>Ein weiteres Konzept ist die autarke Energieversorgung des Zentrums. Die Energieversorgung der Gesellschaft verursacht immer auch Konflikte in der Mensch-Wildtierbeziehung und ist somit ein wichtiger Themenbereich der Zukunft.<\/p>\n<p>Das Human-Wildlife Infozentrum soll in die regionale Tourismusstrategien eingebunden werden k\u00f6nnen und in einem attraktivem Wandergebiet zwischen Natur- und Kulturr\u00e4umen angesiedelt werden.<\/p>\n<p>Im erweiterten Ansatz soll am Zentrum selbst die M\u00f6glichkeit einer Gastronomie der besonderen Art entwickelt werden. Dazu k\u00f6nnen themenbezogene Men\u00fcs mit leichter unterhaltsamer Information entwickelt werden, oder diverse Snacks f\u00fcr Unterwegs, die ebenfalls gewisse Informationen enthalten.<\/p>\n<p>Ausreichend Spielraum f\u00fcr die Entwicklung weitere Ideen und Konzepte am Zentrum sollte vorhanden sein.<\/p>\n<p><b>Einige Beispiel f\u00fcr die Gestaltung des Zentrums:<\/b><\/p>\n<ul>\n<li>Demonstration am Haus: Schutz des Hauses vor dem Eindringen verschiedener Wildtiere als Schadenspr\u00e4vention. Alternative Angebote f\u00fcr Wildtiere au\u00dferhalb des Wohnhauses<\/li>\n<li>\n<article id=\"post-101\">\n<header>Interaktives Bildungsangebot (indoor und outdoor) mit Workshops f\u00fcr Schulklassen, Kinder und Jugendgruppen, Familien sowohl am Zentrum als auch extern an Schulen und anderen Bildungseinrichtungen<\/header>\n<\/article>\n<\/li>\n<li>\n<article id=\"post-102\">\n<header>Interaktive Programme und Exkursionen f\u00fcr Erwachsene und spezielle Zielgruppen Seminare, Workshops, Ausstellungen<\/header>\n<\/article>\n<\/li>\n<li>\n<article id=\"post-103\">\n<header>Die Entwicklung diverser Programme f\u00fcr benachteiligte Menschen sollte ebenfalls m\u00f6glich sein<\/header>\n<\/article>\n<\/li>\n<li>\n<article id=\"post-104\">\n<header>Aufbau und Entwicklung einer Forschungsabteilung die sich mit Konflikten in der Mensch-Wildtierbeziehung besch\u00e4ftigt und L\u00f6sungen sucht um Konflikte zu minimieren.<\/header>\n<\/article>\n<\/li>\n<li>\n<article id=\"post-105\">\n<header>Film und Videowerkstatt zur Produktion multimedialer Pr\u00e4sentationen<\/header>\n<\/article>\n<\/li>\n<\/ul>\n<\/header>\n<\/article>\n","protected":false},"excerpt":{"rendered":"<p>Vision: Human-Wildlife Infozentrum Das Human-Wildlife Infozentrum ist eine Vision an der wir langfristig arbeiten. Ein Zentrum mit Ausstellungen, B\u00fcros und Infrastrukturen die wir ben\u00f6tigen werden um den selbst gestellten Aufgaben umfangreich gerecht werden zu k\u00f6nnen. Zum einen soll uns das Zentrum die R\u00e4umlichkeiten f\u00fcr die B\u00fcros, Werkst\u00e4tten und Lagerm\u00f6glichkeiten geben.weiterlesen <a class=\"continue-reading-link\" href=\"http:\/\/wordpress.human-wildlife.info\/?page_id=237\"> Continue reading <span class=\"meta-nav\">&rarr; <\/span><\/a><\/p>\n","protected":false},"author":1,"featured_media":0,"parent":52,"menu_order":0,"comment_status":"closed","ping_status":"closed","template":"","meta":[],"_links":{"self":[{"href":"http:\/\/wordpress.human-wildlife.info\/index.php?rest_route=\/wp\/v2\/pages\/237"}],"collection":[{"href":"http:\/\/wordpress.human-wildlife.info\/index.php?rest_route=\/wp\/v2\/pages"}],"about":[{"href":"http:\/\/wordpress.human-wildlife.info\/index.php?rest_route=\/wp\/v2\/types\/page"}],"author":[{"embeddable":true,"href":"http:\/\/wordpress.human-wildlife.info\/index.php?rest_route=\/wp\/v2\/users\/1"}],"replies":[{"embeddable":true,"href":"http:\/\/wordpress.human-wildlife.info\/index.php?rest_route=%2Fwp%2Fv2%2Fcomments&post=237"}],"version-history":[{"count":1,"href":"http:\/\/wordpress.human-wildlife.info\/index.php?rest_route=\/wp\/v2\/pages\/237\/revisions"}],"predecessor-version":[{"id":1360,"href":"http:\/\/wordpress.human-wildlife.info\/index.php?rest_route=\/wp\/v2\/pages\/237\/revisions\/1360"}],"up":[{"embeddable":true,"href":"http:\/\/wordpress.human-wildlife.info\/index.php?rest_route=\/wp\/v2\/pages\/52"}],"wp:attachment":[{"href":"http:\/\/wordpress.human-wildlife.info\/index.php?rest_route=%2Fwp%2Fv2%2Fmedia&parent=237"}],"curies":[{"name":"wp","href":"https:\/\/api.w.org\/{rel}","templated":true}]}}