{"id":233,"date":"2013-09-27T21:52:27","date_gmt":"2013-09-27T20:52:27","guid":{"rendered":"http:\/\/localhost\/wordpress\/?page_id=233"},"modified":"2013-09-27T21:52:27","modified_gmt":"2013-09-27T20:52:27","slug":"leitbild","status":"publish","type":"page","link":"http:\/\/wordpress.human-wildlife.info\/?page_id=233","title":{"rendered":"Leitbild"},"content":{"rendered":"<article id=\"post-99\">\n<header>\n<article id=\"post-100\"><span style=\"color: #000000;\">Alle Lebensformen haben grunds\u00e4tzlich das Recht auf Leben und auf die Umsetzung Ihrer nat\u00fcrlichen Verhaltensweisen. Das Miteinander von Menschen mit Wildtieren verursacht Konflike die oft vielschichtig und komplex sind. Aus diesen Gr\u00fcnden ist eine ganzheitliche Betrachtung notwendig um die grundlegenden Ursachen f\u00fcr Konflikte zu identifizieren. Nur so k\u00f6nnen nachhaltige L\u00f6sungen gefunden werden und die notwendige Toleranz langfristig erreicht werden. Modernes Wildtiermanagement betrachten wir als das Management der Menschen mit den Wildtieren in einem gemeinsamen Lebensraum. Dabei werden immer Kompromisse gefunden werden m\u00fcssen. <\/span><\/article>\n<\/header>\n<\/article>\n<p><span style=\"color: #000000;\">Der Verein ist nicht neutral, sondern wird stets ein Miteinander einfordern. Dieses Miteinander muss dann entsprechend gestaltet werden.<\/span><\/p>\n","protected":false},"excerpt":{"rendered":"<p>Alle Lebensformen haben grunds\u00e4tzlich das Recht auf Leben und auf die Umsetzung Ihrer nat\u00fcrlichen Verhaltensweisen. Das Miteinander von Menschen mit Wildtieren verursacht Konflike die oft vielschichtig und komplex sind. Aus diesen Gr\u00fcnden ist eine ganzheitliche Betrachtung notwendig um die grundlegenden Ursachen f\u00fcr Konflikte zu identifizieren. Nur so k\u00f6nnen nachhaltige L\u00f6sungenweiterlesen <a class=\"continue-reading-link\" href=\"http:\/\/wordpress.human-wildlife.info\/?page_id=233\"> Continue reading <span class=\"meta-nav\">&rarr; <\/span><\/a><\/p>\n","protected":false},"author":1,"featured_media":0,"parent":0,"menu_order":0,"comment_status":"closed","ping_status":"closed","template":"","meta":[],"_links":{"self":[{"href":"http:\/\/wordpress.human-wildlife.info\/index.php?rest_route=\/wp\/v2\/pages\/233"}],"collection":[{"href":"http:\/\/wordpress.human-wildlife.info\/index.php?rest_route=\/wp\/v2\/pages"}],"about":[{"href":"http:\/\/wordpress.human-wildlife.info\/index.php?rest_route=\/wp\/v2\/types\/page"}],"author":[{"embeddable":true,"href":"http:\/\/wordpress.human-wildlife.info\/index.php?rest_route=\/wp\/v2\/users\/1"}],"replies":[{"embeddable":true,"href":"http:\/\/wordpress.human-wildlife.info\/index.php?rest_route=%2Fwp%2Fv2%2Fcomments&post=233"}],"version-history":[{"count":0,"href":"http:\/\/wordpress.human-wildlife.info\/index.php?rest_route=\/wp\/v2\/pages\/233\/revisions"}],"wp:attachment":[{"href":"http:\/\/wordpress.human-wildlife.info\/index.php?rest_route=%2Fwp%2Fv2%2Fmedia&parent=233"}],"curies":[{"name":"wp","href":"https:\/\/api.w.org\/{rel}","templated":true}]}}