{"id":15,"date":"2012-12-02T17:37:32","date_gmt":"2012-12-02T16:37:32","guid":{"rendered":"http:\/\/localhost\/wordpress\/?page_id=15"},"modified":"2019-08-27T06:35:45","modified_gmt":"2019-08-27T05:35:45","slug":"zielsetzung","status":"publish","type":"page","link":"http:\/\/wordpress.human-wildlife.info\/?page_id=15","title":{"rendered":"Zielsetzung"},"content":{"rendered":"<p style=\"text-align: left;\" align=\"center\">Wir Menschen bev\u00f6lkern die Erde gemeinsam mit vielen verschiedenen Wildtieren. Dabei entstehen Konflikte und Probleme sowohl f\u00fcr uns Menschen als auch f\u00fcr die Wildtiere.<\/p>\n<p>Mit dem Verein wollen nach neuesten Mensch-Wildtier Managementmethoden L\u00f6sungen suchen um Konflikte in der Mensch-Wildtierbeziehung zu minimieren. So kann ein nachhaltiges Miteinander beider Seiten erm\u00f6glicht werden.<\/p>\n<p>Zielsetzung ist die vern\u00fcnftige Gestaltung des Miteinander.<\/p>\n<p>Der Verein entwickelt eine Internetpr\u00e4senz mit Informationen zu den Konflikte zwischen Mensch und Wildtiere. Dazu geh\u00f6ren auch L\u00f6sungsans\u00e4tze um die Konflikte f\u00fcr Menschen und Wildtiere zu minimieren.<\/p>\n<h3>Vision: <strong>Human-Wildlife Info Zentrum<\/strong><\/h3>\n<p>Von dem Zentrum aus sollen verschiedene Aktivit\u00e4ten, Forschungsaufgaben und Informationsplattformen gestaltet und entwickelt werden k\u00f6nnen. Am Ende sollen Empfehlungen ausgesprochen werden, wie man mit Konflikten in der Mensch-Wildtierbeziehung umgehen kann, ohne dabei die betroffenen Wildtiere oder Wildtierarten in ihrer Existenz zu gef\u00e4hrden. Dabei folgen wir folgendem<a title=\"Leitbild\" href=\"http:\/\/wordpress.human-wildlife.info\/?page_id=233\"> Leitbild<\/a>.<\/p>\n","protected":false},"excerpt":{"rendered":"<p>Wir Menschen bev\u00f6lkern die Erde gemeinsam mit vielen verschiedenen Wildtieren. Dabei entstehen Konflikte und Probleme sowohl f\u00fcr uns Menschen als auch f\u00fcr die Wildtiere. Mit dem Verein wollen nach neuesten Mensch-Wildtier Managementmethoden L\u00f6sungen suchen um Konflikte in der Mensch-Wildtierbeziehung zu minimieren. So kann ein nachhaltiges Miteinander beider Seiten erm\u00f6glicht werden.weiterlesen <a class=\"continue-reading-link\" href=\"http:\/\/wordpress.human-wildlife.info\/?page_id=15\"> Continue reading <span class=\"meta-nav\">&rarr; <\/span><\/a><\/p>\n","protected":false},"author":1,"featured_media":0,"parent":0,"menu_order":0,"comment_status":"closed","ping_status":"closed","template":"","meta":[],"_links":{"self":[{"href":"http:\/\/wordpress.human-wildlife.info\/index.php?rest_route=\/wp\/v2\/pages\/15"}],"collection":[{"href":"http:\/\/wordpress.human-wildlife.info\/index.php?rest_route=\/wp\/v2\/pages"}],"about":[{"href":"http:\/\/wordpress.human-wildlife.info\/index.php?rest_route=\/wp\/v2\/types\/page"}],"author":[{"embeddable":true,"href":"http:\/\/wordpress.human-wildlife.info\/index.php?rest_route=\/wp\/v2\/users\/1"}],"replies":[{"embeddable":true,"href":"http:\/\/wordpress.human-wildlife.info\/index.php?rest_route=%2Fwp%2Fv2%2Fcomments&post=15"}],"version-history":[{"count":2,"href":"http:\/\/wordpress.human-wildlife.info\/index.php?rest_route=\/wp\/v2\/pages\/15\/revisions"}],"predecessor-version":[{"id":1317,"href":"http:\/\/wordpress.human-wildlife.info\/index.php?rest_route=\/wp\/v2\/pages\/15\/revisions\/1317"}],"wp:attachment":[{"href":"http:\/\/wordpress.human-wildlife.info\/index.php?rest_route=%2Fwp%2Fv2%2Fmedia&parent=15"}],"curies":[{"name":"wp","href":"https:\/\/api.w.org\/{rel}","templated":true}]}}