{"id":1395,"date":"2019-08-27T15:15:34","date_gmt":"2019-08-27T14:15:34","guid":{"rendered":"http:\/\/wordpress.human-wildlife.info\/?page_id=1395"},"modified":"2019-09-09T12:53:09","modified_gmt":"2019-09-09T11:53:09","slug":"wildtiere","status":"publish","type":"page","link":"http:\/\/wordpress.human-wildlife.info\/?page_id=1395","title":{"rendered":"Wildtiere"},"content":{"rendered":"\n<p>Auf dieser Seite sind verschiedene Wildtiere alphabetisch aufgef\u00fchrt mit einem kurzen Steckbrief und weitere relevante Informationen zu den Konfliktfeldern zwischen Menschen und der ausgew\u00e4hlten Tierart. Diese Seite wird regelm\u00e4\u00dfig aktualisiert. Wir schreiben hier kein Wildtierlexikon.<\/p>\n\n\n\n<h4>Bilche (hier: Siebenschl\u00e4fer)<\/h4>\n\n\n\n<figure class=\"wp-block-image\"><img loading=\"lazy\" width=\"970\" height=\"250\" src=\"http:\/\/wordpress.human-wildlife.info\/wp-content\/uploads\/2013\/10\/Siebenschlaefer-Kopf-e1380623932919.jpg\" alt=\"\" class=\"wp-image-695\" srcset=\"http:\/\/wordpress.human-wildlife.info\/wp-content\/uploads\/2013\/10\/Siebenschlaefer-Kopf-e1380623932919.jpg 970w, http:\/\/wordpress.human-wildlife.info\/wp-content\/uploads\/2013\/10\/Siebenschlaefer-Kopf-e1380623932919-300x77.jpg 300w\" sizes=\"(max-width: 970px) 100vw, 970px\" \/><\/figure>\n\n\n\n<h4>Braunb\u00e4r<\/h4>\n\n\n\n<figure class=\"wp-block-image\"><img loading=\"lazy\" width=\"970\" height=\"250\" src=\"http:\/\/wordpress.human-wildlife.info\/wp-content\/uploads\/2013\/10\/IMG_6207bearasleep-e1380624055356.jpg\" alt=\"\" class=\"wp-image-688\" srcset=\"http:\/\/wordpress.human-wildlife.info\/wp-content\/uploads\/2013\/10\/IMG_6207bearasleep-e1380624055356.jpg 970w, http:\/\/wordpress.human-wildlife.info\/wp-content\/uploads\/2013\/10\/IMG_6207bearasleep-e1380624055356-300x77.jpg 300w\" sizes=\"(max-width: 970px) 100vw, 970px\" \/><\/figure>\n\n\n\n<h4><a href=\"http:\/\/wordpress.human-wildlife.info\/?page_id=1465\">Luchse<\/a><\/h4>\n\n\n\n<figure class=\"wp-block-image\"><a href=\"http:\/\/wordpress.human-wildlife.info\/?page_id=1465\"><img loading=\"lazy\" width=\"970\" height=\"250\" src=\"http:\/\/wordpress.human-wildlife.info\/wp-content\/uploads\/2013\/10\/Lynx.jpg\" alt=\"\" class=\"wp-image-691\" srcset=\"http:\/\/wordpress.human-wildlife.info\/wp-content\/uploads\/2013\/10\/Lynx.jpg 970w, http:\/\/wordpress.human-wildlife.info\/wp-content\/uploads\/2013\/10\/Lynx-300x77.jpg 300w, http:\/\/wordpress.human-wildlife.info\/wp-content\/uploads\/2013\/10\/Lynx-250x64.jpg 250w, http:\/\/wordpress.human-wildlife.info\/wp-content\/uploads\/2013\/10\/Lynx-150x38.jpg 150w\" sizes=\"(max-width: 970px) 100vw, 970px\" \/><\/a><\/figure>\n\n\n\n<h4> <strong>Raufussh\u00fchner (hier: Auerhahn)<\/strong> <\/h4>\n\n\n\n<figure class=\"wp-block-image\"><img loading=\"lazy\" width=\"970\" height=\"250\" src=\"http:\/\/wordpress.human-wildlife.info\/wp-content\/uploads\/2013\/10\/IMG_3552-Balz.jpg\" alt=\"\" class=\"wp-image-683\" srcset=\"http:\/\/wordpress.human-wildlife.info\/wp-content\/uploads\/2013\/10\/IMG_3552-Balz.jpg 970w, http:\/\/wordpress.human-wildlife.info\/wp-content\/uploads\/2013\/10\/IMG_3552-Balz-300x77.jpg 300w, http:\/\/wordpress.human-wildlife.info\/wp-content\/uploads\/2013\/10\/IMG_3552-Balz-250x64.jpg 250w, http:\/\/wordpress.human-wildlife.info\/wp-content\/uploads\/2013\/10\/IMG_3552-Balz-150x38.jpg 150w\" sizes=\"(max-width: 970px) 100vw, 970px\" \/><\/figure>\n\n\n\n<h4>Rehe<\/h4>\n\n\n\n<figure class=\"wp-block-image\"><img loading=\"lazy\" width=\"970\" height=\"250\" src=\"http:\/\/wordpress.human-wildlife.info\/wp-content\/uploads\/2013\/10\/IMG_4331-Reh.jpg\" alt=\"\" class=\"wp-image-687\" srcset=\"http:\/\/wordpress.human-wildlife.info\/wp-content\/uploads\/2013\/10\/IMG_4331-Reh.jpg 970w, http:\/\/wordpress.human-wildlife.info\/wp-content\/uploads\/2013\/10\/IMG_4331-Reh-300x77.jpg 300w, http:\/\/wordpress.human-wildlife.info\/wp-content\/uploads\/2013\/10\/IMG_4331-Reh-250x64.jpg 250w, http:\/\/wordpress.human-wildlife.info\/wp-content\/uploads\/2013\/10\/IMG_4331-Reh-150x38.jpg 150w\" sizes=\"(max-width: 970px) 100vw, 970px\" \/><\/figure>\n\n\n\n<h4>Singv\u00f6gel<\/h4>\n\n\n\n<figure class=\"wp-block-image\"><img loading=\"lazy\" width=\"970\" height=\"250\" src=\"http:\/\/wordpress.human-wildlife.info\/wp-content\/uploads\/2013\/10\/IMG_2979-Vogel.jpg\" alt=\"\" class=\"wp-image-681\" srcset=\"http:\/\/wordpress.human-wildlife.info\/wp-content\/uploads\/2013\/10\/IMG_2979-Vogel.jpg 970w, http:\/\/wordpress.human-wildlife.info\/wp-content\/uploads\/2013\/10\/IMG_2979-Vogel-300x77.jpg 300w, http:\/\/wordpress.human-wildlife.info\/wp-content\/uploads\/2013\/10\/IMG_2979-Vogel-250x64.jpg 250w, http:\/\/wordpress.human-wildlife.info\/wp-content\/uploads\/2013\/10\/IMG_2979-Vogel-150x38.jpg 150w\" sizes=\"(max-width: 970px) 100vw, 970px\" \/><\/figure>\n\n\n\n<h4>Wildschweine<\/h4>\n\n\n\n<figure class=\"wp-block-image\"><img loading=\"lazy\" width=\"970\" height=\"250\" src=\"http:\/\/wordpress.human-wildlife.info\/wp-content\/uploads\/2013\/10\/Wildschweinkopf.jpg\" alt=\"\" class=\"wp-image-699\" srcset=\"http:\/\/wordpress.human-wildlife.info\/wp-content\/uploads\/2013\/10\/Wildschweinkopf.jpg 970w, http:\/\/wordpress.human-wildlife.info\/wp-content\/uploads\/2013\/10\/Wildschweinkopf-300x77.jpg 300w, http:\/\/wordpress.human-wildlife.info\/wp-content\/uploads\/2013\/10\/Wildschweinkopf-250x64.jpg 250w, http:\/\/wordpress.human-wildlife.info\/wp-content\/uploads\/2013\/10\/Wildschweinkopf-150x38.jpg 150w\" sizes=\"(max-width: 970px) 100vw, 970px\" \/><\/figure>\n\n\n\n<h4><a href=\"http:\/\/wordpress.human-wildlife.info\/?page_id=115\">W\u00f6lfe<\/a><\/h4>\n\n\n\n<figure class=\"wp-block-image\"><a href=\"http:\/\/wordpress.human-wildlife.info\/?page_id=115\"><img loading=\"lazy\" width=\"970\" height=\"225\" src=\"http:\/\/wordpress.human-wildlife.info\/wp-content\/uploads\/2013\/10\/wolf-streckend.jpg\" alt=\"\" class=\"wp-image-700\" srcset=\"http:\/\/wordpress.human-wildlife.info\/wp-content\/uploads\/2013\/10\/wolf-streckend.jpg 970w, http:\/\/wordpress.human-wildlife.info\/wp-content\/uploads\/2013\/10\/wolf-streckend-300x69.jpg 300w, http:\/\/wordpress.human-wildlife.info\/wp-content\/uploads\/2013\/10\/wolf-streckend-250x57.jpg 250w, http:\/\/wordpress.human-wildlife.info\/wp-content\/uploads\/2013\/10\/wolf-streckend-150x34.jpg 150w\" sizes=\"(max-width: 970px) 100vw, 970px\" \/><\/a><\/figure>\n\n\n\n<ul><li>Amphibien (Fr\u00f6scher, Kr\u00f6ten, Unken&#8230;) <\/li><li>Biber <\/li><li>F\u00fcchse <\/li><li>Insekten <\/li><li>Marder<\/li><li>M\u00e4use <\/li><li>Rabenv\u00f6gel <\/li><li>Ratten <\/li><li>Rotwild<\/li><li>Reptilien <\/li><li>Schlangen<\/li><li>&#8230;&#8230;&#8230;&#8230;<\/li><\/ul>\n","protected":false},"excerpt":{"rendered":"<p>Auf dieser Seite sind verschiedene Wildtiere alphabetisch aufgef\u00fchrt mit einem kurzen Steckbrief und weitere relevante Informationen zu den Konfliktfeldern zwischen Menschen und der ausgew\u00e4hlten Tierart. Diese Seite wird regelm\u00e4\u00dfig aktualisiert. Wir schreiben hier kein Wildtierlexikon. Bilche (hier: Siebenschl\u00e4fer) Braunb\u00e4r Luchse Raufussh\u00fchner (hier: Auerhahn) Rehe Singv\u00f6gel Wildschweine W\u00f6lfe Amphibien (Fr\u00f6scher, Kr\u00f6ten,weiterlesen <a class=\"continue-reading-link\" href=\"http:\/\/wordpress.human-wildlife.info\/?page_id=1395\"> Continue reading <span class=\"meta-nav\">&rarr; <\/span><\/a><\/p>\n","protected":false},"author":1,"featured_media":0,"parent":0,"menu_order":0,"comment_status":"closed","ping_status":"closed","template":"","meta":[],"_links":{"self":[{"href":"http:\/\/wordpress.human-wildlife.info\/index.php?rest_route=\/wp\/v2\/pages\/1395"}],"collection":[{"href":"http:\/\/wordpress.human-wildlife.info\/index.php?rest_route=\/wp\/v2\/pages"}],"about":[{"href":"http:\/\/wordpress.human-wildlife.info\/index.php?rest_route=\/wp\/v2\/types\/page"}],"author":[{"embeddable":true,"href":"http:\/\/wordpress.human-wildlife.info\/index.php?rest_route=\/wp\/v2\/users\/1"}],"replies":[{"embeddable":true,"href":"http:\/\/wordpress.human-wildlife.info\/index.php?rest_route=%2Fwp%2Fv2%2Fcomments&post=1395"}],"version-history":[{"count":9,"href":"http:\/\/wordpress.human-wildlife.info\/index.php?rest_route=\/wp\/v2\/pages\/1395\/revisions"}],"predecessor-version":[{"id":1468,"href":"http:\/\/wordpress.human-wildlife.info\/index.php?rest_route=\/wp\/v2\/pages\/1395\/revisions\/1468"}],"wp:attachment":[{"href":"http:\/\/wordpress.human-wildlife.info\/index.php?rest_route=%2Fwp%2Fv2%2Fmedia&parent=1395"}],"curies":[{"name":"wp","href":"https:\/\/api.w.org\/{rel}","templated":true}]}}