{"id":120,"date":"2012-12-03T21:10:43","date_gmt":"2012-12-03T20:10:43","guid":{"rendered":"http:\/\/localhost\/wordpress\/?page_id=120"},"modified":"2019-08-27T16:02:06","modified_gmt":"2019-08-27T15:02:06","slug":"schulen","status":"publish","type":"page","link":"http:\/\/wordpress.human-wildlife.info\/?page_id=120","title":{"rendered":"Schulen"},"content":{"rendered":"<article id=\"post-99\">\n<header>\n<article id=\"post-100\">\n<article id=\"post-101\">\n<header>\n<article><\/article>\n<article id=\"post-102\"><span style=\"color: #000000; font-size: xx-large;\">Schulen und im Kindergarten<\/span><\/article>\n<\/header>\n<\/article>\n<\/article>\n<\/header>\n<\/article>\n<p>Unser Angebot besteht f\u00fcr alle Schularten und Altersstufen. Die Bildungsarbeit mit den n\u00e4chsten Generationen liegt uns sehr am Herzen. Neue Idee und Projekte sind immer willkommen. Im Laufe der Zeit werden wir zu den verschiedenen Wildtierarten entsprechende Programme entwickeln. Hier einige Beispiele:<\/p>\n<p>Sobald wir unser Human-Wildlife Infozentrum aufgebaut haben werden wir lokal am Zentrum ein umfassendes Angebot f\u00fcr Schulklassen entwickeln.<\/p>\n<p>\u00dcber Spenden, Patenschaften, Projektantr\u00e4ge werden wir versuchen die Kosten f\u00fcr die Schule bzw. Sch\u00fcler m\u00f6glichst gering zu halten.<\/p>\n<p>Aktuelle Programme gibt es zum:<\/p>\n<ul>\n<li><a title=\"Canis Lupus\" href=\"http:\/\/wordpress.human-wildlife.info\/?page_id=245\">Wolf, Luchs und B\u00e4r<\/a><\/li>\n<li>Wildtiermanagement im allgemeinen<\/li>\n<\/ul>\n<p>Informationen zu den einzelnen Programmpunkten:<\/p>\n<p style=\"text-align: left;\" align=\"center\"><strong>Interaktive Schulstunden<br \/>\n<\/strong><\/p>\n<p>In 1-2 Schulstunden erz\u00e4hlt unser Referent aus der direkten Arbeit und seinen pers\u00f6nlichen Erfahrungen zu dem Wildtier. Neben dem biologischen Wissen \u00fcber die besprochene Wildtierart konzentrieren wir uns auf die Beziehung zwischen uns Menschen und dem Wildtier und den Konflikten die wir miteinander haben. Die Sch\u00fcler sollen dabei lernen Informationen kritisch zu hinterfragen und sollen f\u00fcr die ehtisch-moralische Verantwortung allen Lebensformen gegen\u00fcber sensibilisiert werden. Wir werden die emotionalen Seiten, die sozial-\u00f6konomischen Seiten und die wissenschaftliche Seiten mit Hilde pragmatischer Beispiele besprechen. In Kinderg\u00e4rten bauen wir viele lustige, spannende und ernste Geschichten ein, k\u00f6nnen verschiedene Spiele machen und bei einigen Wildtierarten Gips- oder Tonabdr\u00fccke von Spuren anfertigen.<\/p>\n<p style=\"text-align: left;\" align=\"center\"><strong>Arbeitsgruppenbegleitung<\/strong><\/p>\n<p>An Schulen gibt es immer wieder Arbeitsgruppen in denen sich Sch\u00fcler mit einer Thematik \u00fcber einen l\u00e4ngeren Zeitraum besch\u00e4ftigen. Wir f\u00f6rdern und unterst\u00fctzen Arbeitsgruppen die sich mit Wildtieren und Mensch-Wildtierbeziehungen besch\u00e4ftigen wollen. Dazu k\u00f6nnen Schulbesuche, Exkursionen, intensive Arbeitsgruppen und die Begleitung und Beratung \u00fcber unsere Homepage und via Email geh\u00f6ren. Events, oder die Entwicklung von informativen Infrastrukturen die von Sch\u00fclern gestaltet werden kann von uns beratend unterst\u00fctzt werden. Dieser Programmpunkt muss individuell mit den Lehrkr\u00e4ften und den Sch\u00fclern abgesprochen werden.<\/p>\n<p style=\"text-align: left;\" align=\"center\"><strong>Projektwochen<\/strong><\/p>\n<p>Jedes Jahr gibt es an fast jeder Schule eine Projektwoche. \u00c4hnlich wie bei den Arbeitsgruppen f\u00f6rdern und begleiten wir solche Arbeitsgruppen. Wichtig ist, dass es sich um ein f\u00fcr uns relevantes Thema handelt. Wir stellen dazu Informationen und einen Referenten zur Verf\u00fcgung der die Lehrer und Sch\u00fcler bei der Erarbeitung mit Wissen und Hilfsmitteln unterst\u00fctzen kann. Dies kann \u00fcber einen direkten Besuch oder online via Internet erm\u00f6glicht werden. Eine individuelle Absprache ist im Vorfeld notwendig.<\/p>\n<p style=\"text-align: left;\" align=\"center\"><strong>Exkursionen<\/strong><\/p>\n<p>Wir werden schulklassenorientierte Exkursionen mit thematischem Inhalt entwickeln und anbieten. Diese Exkursionen k\u00f6nnen sowohl halb- oder ganzt\u00e4gig lokal oder regional als auch mehrt\u00e4gig international stattfinden. Bei den Arbeitsgruppen und Projektwochen kann eine Exkursion ebenfalls spannende und interessante Akzente setzen und helfen den Horizont zu erweitern. Solche Exkursionen k\u00f6nnen bei uns angefragt werden und werden von uns offiziell ausgeschrieben.<\/p>\n<p style=\"text-align: left;\" align=\"center\"><strong>Schulfest, Ausstellungen und Events<\/strong><\/p>\n<p>Oftmals werden Vortr\u00e4ge, die Ergebnisse von Arbeitsgruppen und Projektwochen an einem Schulfest, in Form einer Ausstellung oder bei einem au\u00dferschulischem Event vorgestellt oder aufgef\u00fchrt. Solche Veranstaltungen werden von uns sehr begr\u00fc\u00dft und unterst\u00fctzt, sowohl mit Gastreferenten, mit dem Material oder Exponaten und mit unseren eigenen\u00a0 mobilen Ausstellungsbausteinen.<\/p>\n<p style=\"text-align: left;\" align=\"center\"><strong>Lehrerfortbildung<\/strong><\/p>\n<p><span style=\"color: #000000;\">Wir bieten Seminare f\u00fcr Lehrerfortbildungsprogramme an. Wir haben hierzu bestimmte Schwerpunkte die wir aus mehreren Gr\u00fcnden f\u00fcr sehr wichtig halten. Das sind derzeit die drei gro\u00dfen Beutegreifer, Wolf, Luchs und Braunb\u00e4r und das Thema modernes Wildtiermanagement. Diese Themen werden zuk\u00fcnftig von den \u00e4u\u00dferen Ereignissen und den Medien regelrecht den Schulen und Lehrkr\u00e4ften aufgedr\u00e4ngt werden. Es sind sehr schwere und emotionale Diskussionen zum Teil auch mit den Eltern die hier gef\u00fchrt werden m\u00fcssen. Gleichzeitig ist es ein hoch sensibles Thema. Mit diesen Fortbildungsprogramm m\u00f6chten wir den Lehrkr\u00e4ften und Schulen helfen zum einen das eigene Wissen zu erh\u00f6hen und im geschlossenen Lehrerkreis die verschiedenen Aspekte zu durchleuchten.\u00a0 <\/span><\/p>\n","protected":false},"excerpt":{"rendered":"<p>Schulen und im Kindergarten Unser Angebot besteht f\u00fcr alle Schularten und Altersstufen. Die Bildungsarbeit mit den n\u00e4chsten Generationen liegt uns sehr am Herzen. Neue Idee und Projekte sind immer willkommen. Im Laufe der Zeit werden wir zu den verschiedenen Wildtierarten entsprechende Programme entwickeln. Hier einige Beispiele: Sobald wir unser Human-Wildlifeweiterlesen <a class=\"continue-reading-link\" href=\"http:\/\/wordpress.human-wildlife.info\/?page_id=120\"> Continue reading <span class=\"meta-nav\">&rarr; <\/span><\/a><\/p>\n","protected":false},"author":1,"featured_media":0,"parent":0,"menu_order":0,"comment_status":"closed","ping_status":"closed","template":"","meta":[],"_links":{"self":[{"href":"http:\/\/wordpress.human-wildlife.info\/index.php?rest_route=\/wp\/v2\/pages\/120"}],"collection":[{"href":"http:\/\/wordpress.human-wildlife.info\/index.php?rest_route=\/wp\/v2\/pages"}],"about":[{"href":"http:\/\/wordpress.human-wildlife.info\/index.php?rest_route=\/wp\/v2\/types\/page"}],"author":[{"embeddable":true,"href":"http:\/\/wordpress.human-wildlife.info\/index.php?rest_route=\/wp\/v2\/users\/1"}],"replies":[{"embeddable":true,"href":"http:\/\/wordpress.human-wildlife.info\/index.php?rest_route=%2Fwp%2Fv2%2Fcomments&post=120"}],"version-history":[{"count":4,"href":"http:\/\/wordpress.human-wildlife.info\/index.php?rest_route=\/wp\/v2\/pages\/120\/revisions"}],"predecessor-version":[{"id":1411,"href":"http:\/\/wordpress.human-wildlife.info\/index.php?rest_route=\/wp\/v2\/pages\/120\/revisions\/1411"}],"wp:attachment":[{"href":"http:\/\/wordpress.human-wildlife.info\/index.php?rest_route=%2Fwp%2Fv2%2Fmedia&parent=120"}],"curies":[{"name":"wp","href":"https:\/\/api.w.org\/{rel}","templated":true}]}}